{"id":2,"date":"2022-07-26T11:58:29","date_gmt":"2022-07-26T11:58:29","guid":{"rendered":"http:\/\/localhost\/wordpress\/?page_id=2"},"modified":"2026-03-30T19:02:13","modified_gmt":"2026-03-30T19:02:13","slug":"sample-page","status":"publish","type":"page","link":"https:\/\/www.mia-tarot.cz\/","title":{"rendered":"Tarot + \u00c1k\u00e1\u0161a"},"content":{"rendered":"\n<hr class=\"wp-block-separator has-alpha-channel-opacity\"\/>\n\n\n\n<div class=\"wp-block-columns are-vertically-aligned-center is-layout-flex wp-container-core-columns-is-layout-28f84493 wp-block-columns-is-layout-flex\">\n<div class=\"wp-block-column is-vertically-aligned-center is-layout-flow wp-block-column-is-layout-flow\" style=\"padding-top:1em;padding-right:1em;padding-bottom:1em;padding-left:1em\">\n<h2 class=\"wp-block-heading has-text-align-center\">O m\u011b<\/h2>\n\n\n\n<p class=\"has-text-align-center\"><strong>Poskytuji&nbsp; tarotov\u00e9 v\u00fdklady a s t\u00edm spojen\u00e9 poradenstv\u00ed.&nbsp;&nbsp;&nbsp;<\/strong><\/p>\n\n\n\n<p>Obvykle pracuji se 4-5 konkr\u00e9tn\u00edmi ot\u00e1zkami. K v\u00fdkladu budu pot\u0159ebovat cel\u00e9 datum narozen\u00ed osob, kter\u00fdch se v\u00fdklad bude t\u00fdkat + jejich k\u0159estn\u00ed jm\u00e9na.<\/p>\n\n\n\n<p class=\"has-text-align-center\"><strong>D\u00e1le se v\u011bnuji na\u010d\u00edt\u00e1n\u00ed z \u00c1k\u00e1\u0161i.<\/strong><\/p>\n\n\n\n<p class=\"has-text-align-center\"><strong>M\u00fdm c\u00edlem je pomoci lidem nahl\u00e9dnout do \u017eivotn\u00edch&nbsp;&nbsp;<\/strong><strong>situac\u00ed, ve&nbsp; kter\u00fdch si nev\u00ed rady a pomoci jim naj\u00edt spr\u00e1vnou cestu. <\/strong><\/p>\n\n\n\n<p class=\"has-text-align-center\"><strong>+420 722 912 625<\/strong><\/p>\n\n\n\n<p class=\"has-text-align-center\"><strong><a rel=\"noreferrer noopener\" href=\"mailto:mia-tarot@seznam.cz\" target=\"_blank\">mia-tarot@seznam.cz<\/a>&nbsp;<\/strong><\/p>\n<\/div>\n<\/div>\n\n\n\n<hr class=\"wp-block-separator has-alpha-channel-opacity\"\/>\n\n\n\n<p class=\"has-text-align-center\"><strong>Co je to \u00c1k\u00e1\u0161a?<\/strong><\/p>\n\n\n\n<p class=\"has-text-align-left\"><strong>Jednodu\u0161e v\u0161e, co se kdy stalo na Zemi a co lid\u00e9 pro\u017e\u00edvali se zapisuje do obrovsk\u00e9 kroniky sv\u011bta. Ak\u00e1\u0161a je nehmotn\u00e1, ale p\u0159esto uchov\u00e1v\u00e1 tyto informace pravdiv\u011b. Do \u00c1k\u00e1\u0161i zapisujeme sv\u00fdm jedn\u00e1n\u00edm ka\u017ed\u00fd den. Zachycuje toti\u017e my\u0161lenky i \u010diny n\u00e1s i ostatn\u00edch.<\/strong> <strong>Ve zm\u011bn\u011bn\u00e9m stavu v\u011bdom\u00ed je mo\u017en\u00e9 se na ni napojit a p\u0159e\u010d\u00edst si pot\u0159ebn\u00e9 informace. K jej\u00edmu na\u010d\u00edt\u00e1n\u00ed budu pot\u0159ebovat cel\u00e1 jm\u00e9na a p\u0159\u00edjmen\u00ed osob, kter\u00fdch se na\u010d\u00edt\u00e1n\u00ed bude t\u00fdkat + data narozen\u00ed<\/strong>.<\/p>\n\n\n\n<p class=\"has-text-align-left\"><br><\/p>\n\n\n\n<hr class=\"wp-block-separator has-alpha-channel-opacity\"\/>\n\n\n\n<h2 class=\"wp-block-heading has-text-align-center\">Nab\u00edz\u00edm tyto slu\u017eby<\/h2>\n\n\n\n<div class=\"wp-block-columns is-layout-flex wp-container-core-columns-is-layout-28f84493 wp-block-columns-is-layout-flex\">\n<div class=\"wp-block-column is-layout-flow wp-block-column-is-layout-flow\">\n<p><strong>Tarotov\u00fd v\u00fdklad karet roz\u0161\u00ed\u0159en\u00fd o intuitivn\u00ed vhledy (cca 40 min.)<\/strong><\/p>\n\n\n\n<p>V\u00fdklad obohacen\u00fd o m\u00e9 intuitivn\u00ed vhledy, intuitivn\u011b vlo\u017een\u00e9 dopl\u0148uj\u00edc\u00ed ot\u00e1zky do Va\u0161eho v\u00fdkladu jsou samoz\u0159ejmost\u00ed. Pracuji se cca 4-6 Va\u0161imi konkr\u00e9tn\u00edmi ot\u00e1zkami.<\/p>\n\n\n\n<p>990 K\u010d\/42 EUR<\/p>\n\n\n\n<hr class=\"wp-block-separator has-alpha-channel-opacity\"\/>\n\n\n\n<p><strong><strong>Tarotov\u00fd v\u00fdklad na 3 m\u011bs\u00edce (cca 40 min.)<\/strong><\/strong><\/p>\n\n\n\n<p>Tarotov\u00fd v\u00fdklad m\u016f\u017ee b\u00fdt u\u017eite\u010dn\u00fdm n\u00e1strojem pro porozum\u011bn\u00ed vlastn\u00edmu \u017eivotn\u00edmu p\u0159\u00edb\u011bhu. Nab\u00edz\u00ed u\u017eite\u010dn\u00e9 vhledy pro pochopen\u00ed souvislost\u00ed.<\/p>\n\n\n\n<p>950 K\u010d\/39 EUR<\/p>\n\n\n\n<hr class=\"wp-block-separator has-alpha-channel-opacity\"\/>\n\n\n\n<p><strong>Tarotov\u00fd v\u00fdklad na 6 m\u011bs\u00edc\u016f (cca 40 min.)<\/strong><\/p>\n\n\n\n<p>\u010casov\u011b i energeticky n\u00e1ro\u010dn\u011bj\u0161\u00ed v\u00fdklad. D\u016fle\u017eit\u00e9 je, abychom pochopili, \u017ee mi sami jsme v pln\u00e9 m\u00ed\u0159e TV\u016eRCI sv\u00e9ho vlastn\u00edho \u017eivota a okol\u00ed je jen na\u0161\u00edm p\u0159\u00edm\u00fdch zrcadlem.<\/p>\n\n\n\n<p>1050 K\u010d\/44 EUR<\/p>\n\n\n\n<hr class=\"wp-block-separator has-alpha-channel-opacity\"\/>\n\n\n\n<p><strong>Tarotov\u00fd v\u00fdklad karet (cca 40 min.) s intuitivn\u00edmi vhledy v\u010detn\u011b vyhotoven\u00ed z\u00e1m\u011bru na m\u00edru klientovi<\/strong><\/p>\n\n\n\n<p>Tarotov\u00fd v\u00fdklad s intuitivn\u00edmi vhledy v\u010d. vytvo\u0159en\u00ed z\u00e1m\u011bru, kter\u00fd je vyhotoven\u00fd na m\u00edru klientovi v napojen\u00ed na Zdroj. M\u011bl by se t\u00fdkat n\u011b\u010deho, n\u011bjak\u00e9ho Va\u0161eho t\u00e9matu, kter\u00e9 chcete do sv\u00e9ho \u017eivota propsat, l\u00e9pe vmanifestovat. Z\u00e1m\u011br pos\u00edl\u00e1m sou\u010dasn\u011b s v\u00fdkladem v txt. souboru emailem.<\/p>\n\n\n\n<p>1350 K\u010d\/56 EUR<\/p>\n\n\n\n<hr class=\"wp-block-separator has-alpha-channel-opacity\"\/>\n\n\n\n<p>T<strong>arotov\u00fd v\u00fdklad karet (cca 40 min.) s intuitivn\u00edmi vhledy v\u010detn\u011b na\u010dten\u00ed jednoho t\u00e9matu v \u00c1k\u00e1\u0161i<\/strong><\/p>\n\n\n\n<p>Tarotov\u00fd v\u00fdklad s intuitivn\u00edmi vhledy (40-50 min) + na\u010dten\u00ed jednoho t\u00e9matu z \u00c1k\u00e1\u0161i &#8211; v\u00fdklad dostanete formou soukrom\u00e9ho odkazu na YT, t\u00e9ma zapisuji automatick\u00fdm p\u00edsmem &#8211; dostanete ofocen\u00e9 obvykle 3-4 str\u00e1nky A 3 + zvukovou nahr\u00e1vku p\u0159e\u010dten\u00fdch str\u00e1nek (n\u011bkdy p\u00ed\u0161i rychle a p\u00edsmo by po m\u011b ka\u017ed\u00fd nep\u0159e\u010detl)\ud83d\ude0a.<\/p>\n\n\n\n<p>1.650 K\u010d\/68 EUR<\/p>\n\n\n\n<hr class=\"wp-block-separator has-alpha-channel-opacity\"\/>\n\n\n\n<p><strong>Tarotov\u00fd v\u00fdklad + na\u010dten\u00ed t\u00e9matu z \u00c1k\u00e1\u0161i + smaz\u00e1n\u00ed negativn\u00edch vzorc\u016f<\/strong><\/p>\n\n\n\n<p>Jedn\u00e1 se o Tarotov\u00fd v\u00fdklad s intuitivn\u00edmi vhledy (cca 40 min) + na\u010dten\u00ed jednoho t\u00e9matu z \u00c1k\u00e1\u0161i + smaz\u00e1n\u00ed negativn\u00edch vzorc\u016f a p\u0159esv\u011bd\u010den\u00ed p\u0159\u00edmo v \u00c1k\u00e1\u0161i. V\u0161e zapisuji automatick\u00fdm p\u00edsmem na A3. Obvykle pop\u00ed\u0161i 3-5 stran. V\u00fdslednou podobu na\u010d\u00edt\u00e1n\u00ed dostanete v podob\u011b zvukov\u00e9ho souboru mnou napsan\u00fdch str\u00e1nek + jednotliv\u011b ofocen\u00e9 strany automatick\u00e9ho p\u00edsma.<\/p>\n\n\n\n<p>1.700 K\u010d\/69 EUR<\/p>\n\n\n\n<hr class=\"wp-block-separator has-alpha-channel-opacity\"\/>\n\n\n\n<p><strong>Na\u010dten\u00ed t\u0159ech minul\u00fdch \u017eivot\u016f v \u00c1k\u00e1\u0161i<\/strong><\/p>\n\n\n\n<hr class=\"wp-block-separator has-alpha-channel-opacity\"\/>\n\n\n\n<p>Jedn\u00e1 se o stejn\u00e9 na\u010d\u00edt\u00e1n\u00ed, jako u p\u0159ede\u0161l\u00e9 slu\u017eby s t\u00edm, \u017ee se v \u00c1k\u00e1\u0161ick\u00fdch z\u00e1znamech c\u00edlen\u011b zab\u00fdv\u00e1m Va\u0161\u00edm probl\u00e9mem (osobou s V\u00e1mi spjatou, omezen\u00edmi, p\u0159esv\u011bd\u010den\u00edmi, vzorci, bloky, nemocemi), hled\u00e1m jejich po\u010d\u00e1tek<\/p>\n\n\n\n<p>850 K\u010d (36 EUR)<\/p>\n\n\n\n<p><strong>Samostatn\u00e9 vyhotoven\u00ed z\u00e1m\u011bru na m\u00edru klientovi<\/strong><\/p>\n\n\n\n<p>500 K\u010d\/21EUR<\/p>\n<\/div>\n<\/div>\n\n\n\n<hr class=\"wp-block-separator has-alpha-channel-opacity\"\/>\n\n\n\n<p><strong>\u010cten\u00ed z \u00c1k\u00e1\u0161i<\/strong><\/p>\n\n\n\n<p>Jde o z\u00e1pis z\u00edskan\u00fdch informac\u00ed automatick\u00fdm p\u00edsmem (dostanete ode m\u011b ofocen\u00e9 str\u00e1nky automatick\u00e9ho p\u00edsma + zvukovou nahr\u00e1vku p\u0159episu &#8211; bu\u010f m\u011b m\u016f\u017eete po\u017e\u00e1dat o jedno t\u00e9ma nebo 3-4 ot\u00e1zky (t\u00e9mat m\u016f\u017eete m\u00edt samoz\u0159ejm\u011b v\u00edce\ud83d\ude0a)<\/p>\n\n\n\n<p>700 K\u010d (30 EUR)<\/p>\n\n\n\n<hr class=\"wp-block-separator has-alpha-channel-opacity\"\/>\n\n\n\n<p><strong>D\u00e1rkov\u00e9 poukazy na v\u00fdklad karet<\/strong> <\/p>\n\n\n\n<p><\/p>\n\n\n\n<ul class=\"wp-block-list\">\n<li>d\u00e1rkov\u00fd poukaz na v\u00fdklad karet 1000 K\u010d\/41 EUR (po\u0161tovn\u00e9 dle cen\u00edku \u010cP) (41 EUR + po\u0161tovn\u00e9)<\/li>\n\n\n\n<li>d\u00e1rkov\u00fd poukaz na v\u00fdklad karet + na\u010dten\u00ed jednoho t\u00e9matu z \u00c1k\u00e1\u0161i &#8211; 1.500 K\u010d (po\u0161tovn\u00e9 dle cen\u00edku \u010cP) (62 EUR + po\u0161tovn\u00e9)<\/li>\n<\/ul>\n\n\n\n<figure class=\"wp-block-image size-full\"><img loading=\"lazy\" decoding=\"async\" width=\"802\" height=\"767\" src=\"https:\/\/www.mia-tarot.cz\/wp-content\/uploads\/2025\/03\/poukazy.png\" alt=\"\" class=\"wp-image-288\" srcset=\"https:\/\/www.mia-tarot.cz\/wp-content\/uploads\/2025\/03\/poukazy.png 802w, https:\/\/www.mia-tarot.cz\/wp-content\/uploads\/2025\/03\/poukazy-300x287.png 300w, https:\/\/www.mia-tarot.cz\/wp-content\/uploads\/2025\/03\/poukazy-768x734.png 768w\" sizes=\"auto, (max-width: 802px) 100vw, 802px\" \/><\/figure>\n\n\n\n<hr class=\"wp-block-separator has-alpha-channel-opacity\"\/>\n<!--CusAds0-->\n<div style=\"font-size: 0px; height: 0px; line-height: 0px; margin: 0; padding: 0; clear: both;\"><\/div>","protected":false},"excerpt":{"rendered":"<p>O m\u011b Poskytuji&nbsp; tarotov\u00e9 v\u00fdklady a s t\u00edm spojen\u00e9 poradenstv\u00ed.&nbsp;&nbsp;&nbsp; Obvykle pracuji se 4-5 konkr\u00e9tn\u00edmi ot\u00e1zkami. K v\u00fdkladu budu pot\u0159ebovat cel\u00e9 datum narozen\u00ed osob, kter\u00fdch se v\u00fdklad bude t\u00fdkat + jejich k\u0159estn\u00ed jm\u00e9na. D\u00e1le se v\u011bnuji na\u010d\u00edt\u00e1n\u00ed z \u00c1k\u00e1\u0161i. M\u00fdm c\u00edlem je pomoci lidem nahl\u00e9dnout do \u017eivotn\u00edch&nbsp;&nbsp;situac\u00ed, ve&nbsp; kter\u00fdch si [&hellip;]<\/p>\n","protected":false},"author":1,"featured_media":17,"parent":0,"menu_order":0,"comment_status":"closed","ping_status":"closed","template":"","meta":{"footnotes":""},"class_list":["post-2","page","type-page","status-publish","has-post-thumbnail","hentry"],"_links":{"self":[{"href":"https:\/\/www.mia-tarot.cz\/index.php?rest_route=\/wp\/v2\/pages\/2","targetHints":{"allow":["GET"]}}],"collection":[{"href":"https:\/\/www.mia-tarot.cz\/index.php?rest_route=\/wp\/v2\/pages"}],"about":[{"href":"https:\/\/www.mia-tarot.cz\/index.php?rest_route=\/wp\/v2\/types\/page"}],"author":[{"embeddable":true,"href":"https:\/\/www.mia-tarot.cz\/index.php?rest_route=\/wp\/v2\/users\/1"}],"replies":[{"embeddable":true,"href":"https:\/\/www.mia-tarot.cz\/index.php?rest_route=%2Fwp%2Fv2%2Fcomments&post=2"}],"version-history":[{"count":38,"href":"https:\/\/www.mia-tarot.cz\/index.php?rest_route=\/wp\/v2\/pages\/2\/revisions"}],"predecessor-version":[{"id":343,"href":"https:\/\/www.mia-tarot.cz\/index.php?rest_route=\/wp\/v2\/pages\/2\/revisions\/343"}],"wp:featuredmedia":[{"embeddable":true,"href":"https:\/\/www.mia-tarot.cz\/index.php?rest_route=\/wp\/v2\/media\/17"}],"wp:attachment":[{"href":"https:\/\/www.mia-tarot.cz\/index.php?rest_route=%2Fwp%2Fv2%2Fmedia&parent=2"}],"curies":[{"name":"wp","href":"https:\/\/api.w.org\/{rel}","templated":true}]}}